{"id":725,"date":"2023-11-02T06:56:07","date_gmt":"2023-11-02T06:56:07","guid":{"rendered":"https:\/\/grassdevice.com\/?page_id=725"},"modified":"2025-03-06T08:31:20","modified_gmt":"2025-03-06T08:31:20","slug":"music","status":"publish","type":"page","link":"https:\/\/grassdevice.com\/index.php\/music\/","title":{"rendered":"Music"},"content":{"rendered":"\t\t<div data-elementor-type=\"wp-post\" data-elementor-id=\"725\" class=\"elementor elementor-725\">\n\t\t\t\t\t\t<section class=\"elementor-section elementor-top-section elementor-element elementor-element-d7d8b56 elementor-section-boxed elementor-section-height-default elementor-section-height-default\" data-id=\"d7d8b56\" data-element_type=\"section\" data-e-type=\"section\" data-settings=\"{&quot;background_background&quot;:&quot;classic&quot;}\">\n\t\t\t\t\t\t\t<div class=\"elementor-background-overlay\"><\/div>\n\t\t\t\t\t\t\t<div class=\"elementor-container elementor-column-gap-default\">\n\t\t\t\t\t<div class=\"elementor-column elementor-col-100 elementor-top-column elementor-element elementor-element-fd69444\" data-id=\"fd69444\" data-element_type=\"column\" data-e-type=\"column\">\n\t\t\t<div class=\"elementor-widget-wrap elementor-element-populated\">\n\t\t\t\t\t\t<div class=\"elementor-element elementor-element-abcc2f2 elementor-widget elementor-widget-heading\" data-id=\"abcc2f2\" data-element_type=\"widget\" data-e-type=\"widget\" data-widget_type=\"heading.default\">\n\t\t\t\t<div class=\"elementor-widget-container\">\n\t\t\t\t\t<h1 class=\"elementor-heading-title elementor-size-default\">Music<\/h1>\t\t\t\t<\/div>\n\t\t\t\t<\/div>\n\t\t\t\t\t<\/div>\n\t\t<\/div>\n\t\t\t\t\t<\/div>\n\t\t<\/section>\n\t\t\t\t<section class=\"elementor-section elementor-top-section elementor-element elementor-element-5c40d7b elementor-section-boxed elementor-section-height-default elementor-section-height-default\" data-id=\"5c40d7b\" data-element_type=\"section\" data-e-type=\"section\">\n\t\t\t\t\t\t<div class=\"elementor-container elementor-column-gap-default\">\n\t\t\t\t\t<div class=\"elementor-column elementor-col-100 elementor-top-column elementor-element elementor-element-60885c2\" data-id=\"60885c2\" data-element_type=\"column\" data-e-type=\"column\">\n\t\t\t<div class=\"elementor-widget-wrap elementor-element-populated\">\n\t\t\t\t\t\t<div class=\"elementor-element elementor-element-25a0641 elementor-widget elementor-widget-text-editor\" data-id=\"25a0641\" data-element_type=\"widget\" data-e-type=\"widget\" data-widget_type=\"text-editor.default\">\n\t\t\t\t<div class=\"elementor-widget-container\">\n\t\t\t\t\t\t\t\t\t<p><span style=\"background-color: var(--ast-global-color-4); color: var(--ast-global-color-3);\"><b>GRASS DEVICE &#8211; EP 2025<\/b><\/span><\/p><p><span style=\"background-color: var(--ast-global-color-4); color: var(--ast-global-color-3);\"><i>Grass Device &#8211; I\u00b4ll Be Waiting For You<\/i><\/span><\/p><audio class=\"wp-audio-shortcode\" id=\"audio-725-1\" preload=\"none\" style=\"width: 100%;\" controls=\"controls\"><source type=\"audio\/mpeg\" src=\"https:\/\/grassdevice.com\/wp-content\/uploads\/2025\/03\/waiting31rsp.mp3?_=1\" \/><a href=\"https:\/\/grassdevice.com\/wp-content\/uploads\/2025\/03\/waiting31rsp.mp3\">https:\/\/grassdevice.com\/wp-content\/uploads\/2025\/03\/waiting31rsp.mp3<\/a><\/audio><p style=\"font-size: 16px; font-style: normal; font-weight: 400;\"><span style=\"background-color: var(--ast-global-color-4); color: var(--ast-global-color-3);\"><i>Grass Device &#8211; \u00dasmev na per\u00e1ch<\/i><\/span><\/p><audio class=\"wp-audio-shortcode\" id=\"audio-725-2\" preload=\"none\" style=\"width: 100%;\" controls=\"controls\"><source type=\"audio\/mpeg\" src=\"https:\/\/grassdevice.com\/wp-content\/uploads\/2025\/03\/usmev.mp3?_=2\" \/><a href=\"https:\/\/grassdevice.com\/wp-content\/uploads\/2025\/03\/usmev.mp3\">https:\/\/grassdevice.com\/wp-content\/uploads\/2025\/03\/usmev.mp3<\/a><\/audio><div>\u00a0<\/div><p><b>GRASS DEVICE &#8211; DEMO 2022 \/ 2023<\/b><\/p><p><span style=\"background-color: var(--ast-global-color-4); color: var(--ast-global-color-3);\"><i>Amanda Lynn<br \/><\/i><\/span><\/p><audio class=\"wp-audio-shortcode\" id=\"audio-725-3\" preload=\"none\" style=\"width: 100%;\" controls=\"controls\"><source type=\"audio\/mpeg\" src=\"https:\/\/grassdevice.com\/wp-content\/uploads\/2023\/06\/2-Grass-Device-Amanda-Lynn.mp3?_=3\" \/><a href=\"https:\/\/grassdevice.com\/wp-content\/uploads\/2023\/06\/2-Grass-Device-Amanda-Lynn.mp3\">https:\/\/grassdevice.com\/wp-content\/uploads\/2023\/06\/2-Grass-Device-Amanda-Lynn.mp3<\/a><\/audio><p><span style=\"background-color: var(--ast-global-color-4); color: var(--ast-global-color-3); font-weight: inherit;\"><br \/><i>Walk Alone<br \/><\/i><\/span><\/p><audio class=\"wp-audio-shortcode\" id=\"audio-725-4\" preload=\"none\" style=\"width: 100%;\" controls=\"controls\"><source type=\"audio\/mpeg\" src=\"https:\/\/grassdevice.com\/wp-content\/uploads\/2023\/06\/3-Grass-Device-Walk-Alone.mp3?_=4\" \/><a href=\"https:\/\/grassdevice.com\/wp-content\/uploads\/2023\/06\/3-Grass-Device-Walk-Alone.mp3\">https:\/\/grassdevice.com\/wp-content\/uploads\/2023\/06\/3-Grass-Device-Walk-Alone.mp3<\/a><\/audio><p><span style=\"background-color: var(--ast-global-color-4); color: var(--ast-global-color-3); font-weight: inherit;\"><br \/><i>Wrong Road Again<br \/><\/i><\/span><\/p><audio class=\"wp-audio-shortcode\" id=\"audio-725-5\" preload=\"none\" style=\"width: 100%;\" controls=\"controls\"><source type=\"audio\/mpeg\" src=\"https:\/\/grassdevice.com\/wp-content\/uploads\/2023\/06\/1-Grass-Device-Wrong-Road-Again.mp3?_=5\" \/><a href=\"https:\/\/grassdevice.com\/wp-content\/uploads\/2023\/06\/1-Grass-Device-Wrong-Road-Again.mp3\">https:\/\/grassdevice.com\/wp-content\/uploads\/2023\/06\/1-Grass-Device-Wrong-Road-Again.mp3<\/a><\/audio><p><span style=\"background-color: var(--ast-global-color-4); color: var(--ast-global-color-3);\"><br \/><i>Never\u00edm blon\u010fav\u00fdm diev\u010dat\u00e1m<br \/><\/i><\/span><\/p><audio class=\"wp-audio-shortcode\" id=\"audio-725-6\" preload=\"none\" style=\"width: 100%;\" controls=\"controls\"><source type=\"audio\/mpeg\" src=\"https:\/\/grassdevice.com\/wp-content\/uploads\/2023\/06\/Grass-Device-Neverim-blondavym-dievcatam.mp3?_=6\" \/><a href=\"https:\/\/grassdevice.com\/wp-content\/uploads\/2023\/06\/Grass-Device-Neverim-blondavym-dievcatam.mp3\">https:\/\/grassdevice.com\/wp-content\/uploads\/2023\/06\/Grass-Device-Neverim-blondavym-dievcatam.mp3<\/a><\/audio><p><span style=\"background-color: var(--ast-global-color-4); color: var(--ast-global-color-3); font-weight: inherit;\"><br \/><i>Lep\u0161\u00ed n\u00e1pad m\u00e1m<br \/><\/i><\/span><\/p><audio class=\"wp-audio-shortcode\" id=\"audio-725-7\" preload=\"none\" style=\"width: 100%;\" controls=\"controls\"><source type=\"audio\/mpeg\" src=\"https:\/\/grassdevice.com\/wp-content\/uploads\/2023\/06\/Grass-Device-Lepsi-napad-mam.mp3?_=7\" \/><a href=\"https:\/\/grassdevice.com\/wp-content\/uploads\/2023\/06\/Grass-Device-Lepsi-napad-mam.mp3\">https:\/\/grassdevice.com\/wp-content\/uploads\/2023\/06\/Grass-Device-Lepsi-napad-mam.mp3<\/a><\/audio><p><span style=\"background-color: var(--ast-global-color-4); color: var(--ast-global-color-3); font-weight: inherit;\"><br \/><i>Viem \u010do \u0165a tr\u00e1pi<br \/><\/i><\/span><\/p><audio class=\"wp-audio-shortcode\" id=\"audio-725-8\" preload=\"none\" style=\"width: 100%;\" controls=\"controls\"><source type=\"audio\/mpeg\" src=\"https:\/\/grassdevice.com\/wp-content\/uploads\/2023\/06\/Grass-Device-Viem-co-ta-trapi.mp3?_=8\" \/><a href=\"https:\/\/grassdevice.com\/wp-content\/uploads\/2023\/06\/Grass-Device-Viem-co-ta-trapi.mp3\">https:\/\/grassdevice.com\/wp-content\/uploads\/2023\/06\/Grass-Device-Viem-co-ta-trapi.mp3<\/a><\/audio><p><span style=\"font-style: inherit; font-weight: inherit; background-color: var(--ast-global-color-4); color: var(--ast-global-color-3);\"><br \/>Ru\u017ea<br \/><\/span><\/p><audio class=\"wp-audio-shortcode\" id=\"audio-725-9\" preload=\"none\" style=\"width: 100%;\" controls=\"controls\"><source type=\"audio\/mpeg\" src=\"https:\/\/grassdevice.com\/wp-content\/uploads\/2023\/06\/Grass-Device-Ruza.mp3?_=9\" \/><a href=\"https:\/\/grassdevice.com\/wp-content\/uploads\/2023\/06\/Grass-Device-Ruza.mp3\">https:\/\/grassdevice.com\/wp-content\/uploads\/2023\/06\/Grass-Device-Ruza.mp3<\/a><\/audio>\t\t\t\t\t\t\t\t<\/div>\n\t\t\t\t<\/div>\n\t\t\t\t\t<\/div>\n\t\t<\/div>\n\t\t\t\t\t<\/div>\n\t\t<\/section>\n\t\t\t\t<\/div>\n\t\t","protected":false},"excerpt":{"rendered":"<p>Music GRASS DEVICE &#8211; EP 2025 Grass Device &#8211; I\u00b4ll Be Waiting For You Grass Device &#8211; \u00dasmev na per\u00e1ch \u00a0 GRASS DEVICE &#8211; DEMO 2022 \/ 2023 Amanda Lynn Walk Alone Wrong Road Again Never\u00edm blon\u010fav\u00fdm diev\u010dat\u00e1m Lep\u0161\u00ed n\u00e1pad m\u00e1m Viem \u010do \u0165a tr\u00e1pi Ru\u017ea<\/p>\n","protected":false},"author":1,"featured_media":0,"parent":0,"menu_order":0,"comment_status":"closed","ping_status":"closed","template":"","meta":{"site-sidebar-layout":"no-sidebar","site-content-layout":"page-builder","ast-site-content-layout":"full-width-container","site-content-style":"unboxed","site-sidebar-style":"unboxed","ast-global-header-display":"","ast-banner-title-visibility":"","ast-main-header-display":"","ast-hfb-above-header-display":"","ast-hfb-below-header-display":"","ast-hfb-mobile-header-display":"","site-post-title":"disabled","ast-breadcrumbs-content":"","ast-featured-img":"disabled","footer-sml-layout":"","theme-transparent-header-meta":"enabled","adv-header-id-meta":"","stick-header-meta":"","header-above-stick-meta":"","header-main-stick-meta":"","header-below-stick-meta":"","astra-migrate-meta-layouts":"set","ast-page-background-enabled":"default","ast-page-background-meta":{"desktop":{"background-color":"","background-image":"","background-repeat":"repeat","background-position":"center center","background-size":"auto","background-attachment":"scroll","background-type":"","background-media":"","overlay-type":"","overlay-color":"","overlay-opacity":"","overlay-gradient":""},"tablet":{"background-color":"","background-image":"","background-repeat":"repeat","background-position":"center center","background-size":"auto","background-attachment":"scroll","background-type":"","background-media":"","overlay-type":"","overlay-color":"","overlay-opacity":"","overlay-gradient":""},"mobile":{"background-color":"","background-image":"","background-repeat":"repeat","background-position":"center center","background-size":"auto","background-attachment":"scroll","background-type":"","background-media":"","overlay-type":"","overlay-color":"","overlay-opacity":"","overlay-gradient":""}},"ast-content-background-meta":{"desktop":{"background-color":"var(--ast-global-color-5)","background-image":"","background-repeat":"repeat","background-position":"center center","background-size":"auto","background-attachment":"scroll","background-type":"","background-media":"","overlay-type":"","overlay-color":"","overlay-opacity":"","overlay-gradient":""},"tablet":{"background-color":"var(--ast-global-color-5)","background-image":"","background-repeat":"repeat","background-position":"center center","background-size":"auto","background-attachment":"scroll","background-type":"","background-media":"","overlay-type":"","overlay-color":"","overlay-opacity":"","overlay-gradient":""},"mobile":{"background-color":"var(--ast-global-color-5)","background-image":"","background-repeat":"repeat","background-position":"center center","background-size":"auto","background-attachment":"scroll","background-type":"","background-media":"","overlay-type":"","overlay-color":"","overlay-opacity":"","overlay-gradient":""}},"footnotes":""},"class_list":["post-725","page","type-page","status-publish","hentry"],"_links":{"self":[{"href":"https:\/\/grassdevice.com\/index.php\/wp-json\/wp\/v2\/pages\/725","targetHints":{"allow":["GET"]}}],"collection":[{"href":"https:\/\/grassdevice.com\/index.php\/wp-json\/wp\/v2\/pages"}],"about":[{"href":"https:\/\/grassdevice.com\/index.php\/wp-json\/wp\/v2\/types\/page"}],"author":[{"embeddable":true,"href":"https:\/\/grassdevice.com\/index.php\/wp-json\/wp\/v2\/users\/1"}],"replies":[{"embeddable":true,"href":"https:\/\/grassdevice.com\/index.php\/wp-json\/wp\/v2\/comments?post=725"}],"version-history":[{"count":8,"href":"https:\/\/grassdevice.com\/index.php\/wp-json\/wp\/v2\/pages\/725\/revisions"}],"predecessor-version":[{"id":904,"href":"https:\/\/grassdevice.com\/index.php\/wp-json\/wp\/v2\/pages\/725\/revisions\/904"}],"wp:attachment":[{"href":"https:\/\/grassdevice.com\/index.php\/wp-json\/wp\/v2\/media?parent=725"}],"curies":[{"name":"wp","href":"https:\/\/api.w.org\/{rel}","templated":true}]}}