{"id":7,"date":"2018-11-27T09:17:42","date_gmt":"2018-11-27T09:17:42","guid":{"rendered":"https:\/\/grassdevice.com\/index.php\/projects\/"},"modified":"2026-04-17T14:53:09","modified_gmt":"2026-04-17T14:53:09","slug":"projects","status":"publish","type":"page","link":"https:\/\/grassdevice.com\/index.php\/projects\/","title":{"rendered":"TOUR"},"content":{"rendered":"\t\t<div data-elementor-type=\"wp-post\" data-elementor-id=\"7\" class=\"elementor elementor-7\">\n\t\t\t\t\t\t<section class=\"elementor-section elementor-top-section elementor-element elementor-element-7ac9ca5 elementor-section-boxed elementor-section-height-default elementor-section-height-default\" data-id=\"7ac9ca5\" data-element_type=\"section\" data-e-type=\"section\" data-settings=\"{&quot;background_background&quot;:&quot;classic&quot;}\">\n\t\t\t\t\t\t\t<div class=\"elementor-background-overlay\"><\/div>\n\t\t\t\t\t\t\t<div class=\"elementor-container elementor-column-gap-default\">\n\t\t\t\t\t<div class=\"elementor-column elementor-col-100 elementor-top-column elementor-element elementor-element-90988fe\" data-id=\"90988fe\" data-element_type=\"column\" data-e-type=\"column\">\n\t\t\t<div class=\"elementor-widget-wrap elementor-element-populated\">\n\t\t\t\t\t\t<div class=\"elementor-element elementor-element-4a1c612 elementor-widget elementor-widget-heading\" data-id=\"4a1c612\" data-element_type=\"widget\" data-e-type=\"widget\" data-widget_type=\"heading.default\">\n\t\t\t\t<div class=\"elementor-widget-container\">\n\t\t\t\t\t<h1 class=\"elementor-heading-title elementor-size-default\">TOUR<\/h1>\t\t\t\t<\/div>\n\t\t\t\t<\/div>\n\t\t\t\t\t<\/div>\n\t\t<\/div>\n\t\t\t\t\t<\/div>\n\t\t<\/section>\n\t\t\t\t<section class=\"elementor-section elementor-top-section elementor-element elementor-element-8262e30 elementor-section-content-middle elementor-section-boxed elementor-section-height-default elementor-section-height-default\" data-id=\"8262e30\" data-element_type=\"section\" data-e-type=\"section\">\n\t\t\t\t\t\t\t<div class=\"elementor-background-overlay\"><\/div>\n\t\t\t\t\t\t\t<div class=\"elementor-container elementor-column-gap-no\">\n\t\t\t\t\t<div class=\"elementor-column elementor-col-100 elementor-top-column elementor-element elementor-element-da6ae65\" data-id=\"da6ae65\" data-element_type=\"column\" data-e-type=\"column\">\n\t\t\t<div class=\"elementor-widget-wrap elementor-element-populated\">\n\t\t\t\t\t\t<div class=\"elementor-element elementor-element-60e5d2a elementor-widget elementor-widget-text-editor\" data-id=\"60e5d2a\" data-element_type=\"widget\" data-e-type=\"widget\" data-widget_type=\"text-editor.default\">\n\t\t\t\t<div class=\"elementor-widget-container\">\n\t\t\t\t\t\t\t\t\t<h2 style=\"font-style: normal; margin-bottom: 10px; color: #101218;\" data-elementor-setting-key=\"title_text\" data-elementor-inline-editing-toolbar=\"none\" data-pen-placeholder=\"P\u00ed\u0161te tu...\">2026<\/h2><div><span style=\"white-space-collapse: preserve;\">March 6, Bluegrass Concert &#8211; Dubravska Koliba, Bratislava, SK<\/span><\/div><div><span style=\"white-space-collapse: preserve; font-size: 1rem;\">May 30 &#8222;Country na Rovenci&#8220;, Cetuna, SK<br \/><\/span>July 18 Huncokarske Hody, Modra, SK<\/div><div>July 19 Usmev pre Mary, Sladkovicovo, SK<br \/>August 7 Country Zahrada, Zvolen, SK<br style=\"white-space-collapse: preserve;\" \/><span style=\"white-space-collapse: preserve; font-size: 1rem;\">August 8 Bluegrass Festival, Abaliget, HU<\/span><br \/><span style=\"white-space-collapse: preserve;\">August 14-15 Bluegrass na Vinici, Sedlec u Mikulova, CZ<br \/>September 5 Festival Bluegrass na Dobrom mieste, Bratislava, SK<\/span><\/div>\t\t\t\t\t\t\t\t<\/div>\n\t\t\t\t<\/div>\n\t\t\t\t<div class=\"elementor-element elementor-element-95575dd elementor-widget elementor-widget-image-box\" data-id=\"95575dd\" data-element_type=\"widget\" data-e-type=\"widget\" data-widget_type=\"image-box.default\">\n\t\t\t\t<div class=\"elementor-widget-container\">\n\t\t\t\t\t<div class=\"elementor-image-box-wrapper\"><div class=\"elementor-image-box-content\"><h2 class=\"elementor-image-box-title\">2025<\/h2><p class=\"elementor-image-box-description\">February 28 European Bluegrass Summit, CZ<br>March 15 Bluegrass Concert, Modra, SK<br>March 29 Festival Tlumacov, CZ<br>May 2 Bluegrass concert with G-Runs and Roses, Bratislava, SK<br>May 17 \"Country na Rovenci\", Cetuna, SK<br>May 29-31 European World of Bluegrass, Voorthuizen, NL<br>June 12 Private party, Bratislava, SK<br>June 27 Bluegrass Ve\u010der Fest, Horn\u00e1 Poruba, SK<br>July 19 Huncok\u00e1rske hody, Modra Harm\u00f3nia, SK<br>August 30 Z\u00e1mock\u00e9 Country, Nov\u00e9 Z\u00e1mky, SK<br>November 11 Bluegrass Concert, Bratislava, SK<\/p><\/div><\/div>\t\t\t\t<\/div>\n\t\t\t\t<\/div>\n\t\t\t\t<div class=\"elementor-element elementor-element-099ca2e elementor-widget elementor-widget-image-box\" data-id=\"099ca2e\" data-element_type=\"widget\" data-e-type=\"widget\" data-widget_type=\"image-box.default\">\n\t\t\t\t<div class=\"elementor-widget-container\">\n\t\t\t\t\t<div class=\"elementor-image-box-wrapper\"><div class=\"elementor-image-box-content\"><h2 class=\"elementor-image-box-title\">2024<\/h2><p class=\"elementor-image-box-description\">March 15 Bluegrass concert, Copenhagen, DK<br>May 11 Country za stodolou festival, \u010cierny Balog, SK<br>May 25 Concert, Cetuna, SK<br>June 8 \u0160pangrass Festival, \u0160pania Dolina, SK<br>June 15 Garaz Pub Lamac, Bratislava, SK<br>June 22 Country concert, Galanta, SK<br>June 29 Bluegrass Ve\u010der Fest, Horn\u00e1 Poruba, SK<br>July 6 Fest Dobr\u00e9, Moravany nad V\u00e1hom, SK<br>August 3 Bluegrass Theatre, Metylovice, CZ<br>August 6 CEJ24 Jamboree, Mo\u0161ovce, SK<br>August 17 Country na piesku, Modra Harm\u00f3nia, SK<br>September 28 Labeerint, \u0160a\u013ea, SK<br>October 12 U zlat\u00e9ho ba\u017eanta, Bratislava, SK<\/p><\/div><\/div>\t\t\t\t<\/div>\n\t\t\t\t<\/div>\n\t\t\t\t\t<\/div>\n\t\t<\/div>\n\t\t\t\t\t<\/div>\n\t\t<\/section>\n\t\t\t\t<section class=\"elementor-section elementor-top-section elementor-element elementor-element-981c27d elementor-section-content-middle elementor-section-boxed elementor-section-height-default elementor-section-height-default\" data-id=\"981c27d\" data-element_type=\"section\" data-e-type=\"section\" data-settings=\"{&quot;background_background&quot;:&quot;classic&quot;}\">\n\t\t\t\t\t\t\t<div class=\"elementor-background-overlay\"><\/div>\n\t\t\t\t\t\t\t<div class=\"elementor-container elementor-column-gap-no\">\n\t\t\t\t\t<div class=\"elementor-column elementor-col-100 elementor-top-column elementor-element elementor-element-1831b66\" data-id=\"1831b66\" data-element_type=\"column\" data-e-type=\"column\">\n\t\t\t<div class=\"elementor-widget-wrap elementor-element-populated\">\n\t\t\t\t\t\t<div class=\"elementor-element elementor-element-e50b5bd elementor-widget elementor-widget-image-box\" data-id=\"e50b5bd\" data-element_type=\"widget\" data-e-type=\"widget\" data-widget_type=\"image-box.default\">\n\t\t\t\t<div class=\"elementor-widget-container\">\n\t\t\t\t\t<div class=\"elementor-image-box-wrapper\"><div class=\"elementor-image-box-content\"><h2 class=\"elementor-image-box-title\">2023<\/h2><p class=\"elementor-image-box-description\">30.3 school concert, Bratislava, SK<br>\n18-20.5 European World of Bluegrass, Voorthuizen, NL<br>\n27.5 Klub umelcov, B\u00e1novce nad Bebravou, SK<br>\n10.6 Labeerint, \u0160a\u013ea, SK<br>\n17.6 Banjo Jamboree \u010c\u00e1slav, CZ<br>\n24.6 Bluegrass Ve\u010der Fest, Horn\u00e1 Poruba, SK<br>\n30.6 Bluegrass Theatre, Metylovice, CZ<br>\n22.7 Mandolin Party Vy\u0161n\u00ed Lhoty - Kamenit\u00e9, CZ<br>\n23.7 Concert for Mary, Ekopark Sl\u00e1dkovi\u010dovo, SK<br>\n25.7 AQUA Scout Jamboree, Bratislava, SK<br>\n12.8 Z\u00e1hura fest, Spi\u0161sk\u00e9 Vlachy, SK<br>\n19.8 Dorneck Bluegrass Festival, Basel, CH<br>\n7.10 Peter\u00b4s Wedding, Brodzany, SK<br>\n8.11 Czech Radio, live, Olomouc, CZ<br>\n1.12 K\u00f4lni\u010dka, Bratislava, SK<br>\n<\/p><\/div><\/div>\t\t\t\t<\/div>\n\t\t\t\t<\/div>\n\t\t\t\t\t<\/div>\n\t\t<\/div>\n\t\t\t\t\t<\/div>\n\t\t<\/section>\n\t\t\t\t<section class=\"elementor-section elementor-top-section elementor-element elementor-element-c059da0 elementor-section-boxed elementor-section-height-default elementor-section-height-default\" data-id=\"c059da0\" data-element_type=\"section\" data-e-type=\"section\">\n\t\t\t\t\t\t<div class=\"elementor-container elementor-column-gap-default\">\n\t\t\t\t\t<div class=\"elementor-column elementor-col-100 elementor-top-column elementor-element elementor-element-3feed29\" data-id=\"3feed29\" data-element_type=\"column\" data-e-type=\"column\">\n\t\t\t<div class=\"elementor-widget-wrap elementor-element-populated\">\n\t\t\t\t\t\t<div class=\"elementor-element elementor-element-89641cc elementor-widget elementor-widget-text-editor\" data-id=\"89641cc\" data-element_type=\"widget\" data-e-type=\"widget\" data-widget_type=\"text-editor.default\">\n\t\t\t\t<div class=\"elementor-widget-container\">\n\t\t\t\t\t\t\t\t\t<p>Lorem ipsum dolor sit amet, consectetur adipiscing elit. Ut elit tellus, luctus nec ullamcorper mattis, pulvinar dapibus leo.<\/p>\t\t\t\t\t\t\t\t<\/div>\n\t\t\t\t<\/div>\n\t\t\t\t\t<\/div>\n\t\t<\/div>\n\t\t\t\t\t<\/div>\n\t\t<\/section>\n\t\t\t\t<\/div>\n\t\t","protected":false},"excerpt":{"rendered":"<p>TOUR 2026 March 6, Bluegrass Concert &#8211; Dubravska Koliba, Bratislava, SKMay 30 &#8222;Country na Rovenci&#8220;, Cetuna, SKJuly 18 Huncokarske Hody, Modra, SKJuly 19 Usmev pre Mary, Sladkovicovo, SKAugust 7 Country Zahrada, Zvolen, SKAugust 8 Bluegrass Festival, Abaliget, HUAugust 14-15 Bluegrass na Vinici, Sedlec u Mikulova, CZSeptember 5 Festival Bluegrass na Dobrom mieste, Bratislava, SK 2025 [&hellip;]<\/p>\n","protected":false},"author":1,"featured_media":0,"parent":0,"menu_order":0,"comment_status":"closed","ping_status":"closed","template":"","meta":{"site-sidebar-layout":"no-sidebar","site-content-layout":"page-builder","ast-site-content-layout":"full-width-container","site-content-style":"unboxed","site-sidebar-style":"unboxed","ast-global-header-display":"","ast-banner-title-visibility":"","ast-main-header-display":"","ast-hfb-above-header-display":"","ast-hfb-below-header-display":"","ast-hfb-mobile-header-display":"","site-post-title":"","ast-breadcrumbs-content":"","ast-featured-img":"disabled","footer-sml-layout":"","theme-transparent-header-meta":"enabled","adv-header-id-meta":"","stick-header-meta":"","header-above-stick-meta":"","header-main-stick-meta":"","header-below-stick-meta":"","astra-migrate-meta-layouts":"set","ast-page-background-enabled":"default","ast-page-background-meta":{"desktop":{"background-color":"","background-image":"","background-repeat":"repeat","background-position":"center center","background-size":"auto","background-attachment":"scroll","background-type":"","background-media":"","overlay-type":"","overlay-color":"","overlay-opacity":"","overlay-gradient":""},"tablet":{"background-color":"","background-image":"","background-repeat":"repeat","background-position":"center center","background-size":"auto","background-attachment":"scroll","background-type":"","background-media":"","overlay-type":"","overlay-color":"","overlay-opacity":"","overlay-gradient":""},"mobile":{"background-color":"","background-image":"","background-repeat":"repeat","background-position":"center center","background-size":"auto","background-attachment":"scroll","background-type":"","background-media":"","overlay-type":"","overlay-color":"","overlay-opacity":"","overlay-gradient":""}},"ast-content-background-meta":{"desktop":{"background-color":"var(--ast-global-color-5)","background-image":"","background-repeat":"repeat","background-position":"center center","background-size":"auto","background-attachment":"scroll","background-type":"","background-media":"","overlay-type":"","overlay-color":"","overlay-opacity":"","overlay-gradient":""},"tablet":{"background-color":"var(--ast-global-color-5)","background-image":"","background-repeat":"repeat","background-position":"center center","background-size":"auto","background-attachment":"scroll","background-type":"","background-media":"","overlay-type":"","overlay-color":"","overlay-opacity":"","overlay-gradient":""},"mobile":{"background-color":"var(--ast-global-color-5)","background-image":"","background-repeat":"repeat","background-position":"center center","background-size":"auto","background-attachment":"scroll","background-type":"","background-media":"","overlay-type":"","overlay-color":"","overlay-opacity":"","overlay-gradient":""}},"footnotes":""},"class_list":["post-7","page","type-page","status-publish","hentry"],"_links":{"self":[{"href":"https:\/\/grassdevice.com\/index.php\/wp-json\/wp\/v2\/pages\/7","targetHints":{"allow":["GET"]}}],"collection":[{"href":"https:\/\/grassdevice.com\/index.php\/wp-json\/wp\/v2\/pages"}],"about":[{"href":"https:\/\/grassdevice.com\/index.php\/wp-json\/wp\/v2\/types\/page"}],"author":[{"embeddable":true,"href":"https:\/\/grassdevice.com\/index.php\/wp-json\/wp\/v2\/users\/1"}],"replies":[{"embeddable":true,"href":"https:\/\/grassdevice.com\/index.php\/wp-json\/wp\/v2\/comments?post=7"}],"version-history":[{"count":197,"href":"https:\/\/grassdevice.com\/index.php\/wp-json\/wp\/v2\/pages\/7\/revisions"}],"predecessor-version":[{"id":1025,"href":"https:\/\/grassdevice.com\/index.php\/wp-json\/wp\/v2\/pages\/7\/revisions\/1025"}],"wp:attachment":[{"href":"https:\/\/grassdevice.com\/index.php\/wp-json\/wp\/v2\/media?parent=7"}],"curies":[{"name":"wp","href":"https:\/\/api.w.org\/{rel}","templated":true}]}}